{"id":16,"date":"2023-02-20T13:51:01","date_gmt":"2023-02-20T12:51:01","guid":{"rendered":"https:\/\/www.mke.hu\/artisticresearchlab\/?page_id=16"},"modified":"2023-05-10T11:56:08","modified_gmt":"2023-05-10T09:56:08","slug":"staff","status":"publish","type":"page","link":"https:\/\/www.mke.hu\/artisticresearchlab\/staff\/","title":{"rendered":"STAFF"},"content":{"rendered":"\n<p>Editors \/ HUFA W2 LAB team: <strong>M\u00e1ty\u00e1s Fusz, Gabriella Kiss, Szabolcs KissP\u00e1l<\/strong><\/p>\n\n\n\n<p>Eu4Art H2020_<em>differences<\/em> project leader: <strong>\u00c1d\u00e1m Albert<\/strong><br>Eu4Art H2020_<em>differences<\/em> project deputy leader: <strong>Eszter L\u00e1z\u00e1r<\/strong><\/p>\n\n\n\n<p>Special thanks: <strong>Bal\u00e1zs Kicsiny<\/strong><\/p>\n\n\n\n<p>Proofreading: <strong>Zs\u00f3fia Rudnay<\/strong><\/p>\n\n\n\n<p>Graphic design: <strong>Zolt\u00e1n Visnyai<\/strong><\/p>\n\n\n\n<p><\/p>\n\n\n\n<figure class=\"wp-block-image size-full\"><img loading=\"lazy\" decoding=\"async\" width=\"1024\" height=\"600\" src=\"https:\/\/www.mke.hu\/artisticresearchlab\/wp-content\/uploads\/2023\/05\/logo.jpg\" alt=\"\" class=\"wp-image-398\" srcset=\"https:\/\/www.mke.hu\/artisticresearchlab\/wp-content\/uploads\/2023\/05\/logo.jpg 1024w, https:\/\/www.mke.hu\/artisticresearchlab\/wp-content\/uploads\/2023\/05\/logo-300x176.jpg 300w, https:\/\/www.mke.hu\/artisticresearchlab\/wp-content\/uploads\/2023\/05\/logo-768x450.jpg 768w\" sizes=\"auto, (max-width: 1024px) 100vw, 1024px\" \/><\/figure>\n","protected":false},"excerpt":{"rendered":"<p>Editors \/ HUFA W2 LAB team: M\u00e1ty\u00e1s Fusz, Gabriella Kiss, Szabolcs KissP\u00e1l Eu4Art H2020_differences project leader: \u00c1d\u00e1m AlbertEu4Art H2020_differences project deputy leader: Eszter L\u00e1z\u00e1r Special thanks: Bal\u00e1zs Kicsiny Proofreading: Zs\u00f3fia Rudnay Graphic design: Zolt\u00e1n Visnyai<\/p>\n","protected":false},"author":1,"featured_media":0,"parent":0,"menu_order":4,"comment_status":"closed","ping_status":"closed","template":"","meta":{"footnotes":""},"class_list":["post-16","page","type-page","status-publish","hentry"],"_links":{"self":[{"href":"https:\/\/www.mke.hu\/artisticresearchlab\/wp-json\/wp\/v2\/pages\/16","targetHints":{"allow":["GET"]}}],"collection":[{"href":"https:\/\/www.mke.hu\/artisticresearchlab\/wp-json\/wp\/v2\/pages"}],"about":[{"href":"https:\/\/www.mke.hu\/artisticresearchlab\/wp-json\/wp\/v2\/types\/page"}],"author":[{"embeddable":true,"href":"https:\/\/www.mke.hu\/artisticresearchlab\/wp-json\/wp\/v2\/users\/1"}],"replies":[{"embeddable":true,"href":"https:\/\/www.mke.hu\/artisticresearchlab\/wp-json\/wp\/v2\/comments?post=16"}],"version-history":[{"count":16,"href":"https:\/\/www.mke.hu\/artisticresearchlab\/wp-json\/wp\/v2\/pages\/16\/revisions"}],"predecessor-version":[{"id":402,"href":"https:\/\/www.mke.hu\/artisticresearchlab\/wp-json\/wp\/v2\/pages\/16\/revisions\/402"}],"wp:attachment":[{"href":"https:\/\/www.mke.hu\/artisticresearchlab\/wp-json\/wp\/v2\/media?parent=16"}],"curies":[{"name":"wp","href":"https:\/\/api.w.org\/{rel}","templated":true}]}}