{"id":220,"date":"2023-03-09T15:13:34","date_gmt":"2023-03-09T14:13:34","guid":{"rendered":"https:\/\/www.mke.hu\/artisticresearchlab\/?page_id=220"},"modified":"2023-03-09T15:47:01","modified_gmt":"2023-03-09T14:47:01","slug":"dominika-drotos","status":"publish","type":"page","link":"https:\/\/www.mke.hu\/artisticresearchlab\/research\/dominika-drotos\/","title":{"rendered":"Dominika Dr\u00f3tos"},"content":{"rendered":"\n<p><strong>Socially Engaged Art at Times of War &#8211;\u00a0Voluntary Artistic Collaborations in the Civic Sector in Light of the Ukrainian Refugee Crisis\u00a0<\/strong><\/p>\n\n\n\n<p>In my research project my aim is to create a small-scale and locally focused research-based collection that investigates and collects archiveable materials of socially engaged practices that have developed in Hungary regarding the&nbsp;Russian invasion of Ukraine. By investigating the position of artists and cultural organizations who have volunteered and\/or created artistic interventions during last year\u2019s refugee crisis. My final goal is to create&nbsp;an online archive of the material that I gather during the research.<\/p>\n\n\n\n<figure class=\"wp-block-image size-large\"><img loading=\"lazy\" decoding=\"async\" width=\"1024\" height=\"683\" src=\"https:\/\/www.mke.hu\/artisticresearchlab\/wp-content\/uploads\/2023\/03\/290127618_169175622272267_1004203066683326696_n-1024x683.jpg\" alt=\"\" class=\"wp-image-235\" srcset=\"https:\/\/www.mke.hu\/artisticresearchlab\/wp-content\/uploads\/2023\/03\/290127618_169175622272267_1004203066683326696_n-1024x683.jpg 1024w, https:\/\/www.mke.hu\/artisticresearchlab\/wp-content\/uploads\/2023\/03\/290127618_169175622272267_1004203066683326696_n-300x200.jpg 300w, https:\/\/www.mke.hu\/artisticresearchlab\/wp-content\/uploads\/2023\/03\/290127618_169175622272267_1004203066683326696_n-768x512.jpg 768w, https:\/\/www.mke.hu\/artisticresearchlab\/wp-content\/uploads\/2023\/03\/290127618_169175622272267_1004203066683326696_n.jpg 1440w\" sizes=\"auto, (max-width: 1024px) 100vw, 1024px\" \/><figcaption class=\"wp-element-caption\">Dominika Dr\u00f3tos,<em>&nbsp;Invisible monument, performance and public action,&nbsp;Liberty Square, Budapest, 2022<\/em><br>Photo: M\u00e1ty\u00e1s Czegl\u00e9di&nbsp;<br><br><\/figcaption><\/figure>\n","protected":false},"excerpt":{"rendered":"<p>Socially Engaged Art at Times of War &#8211;\u00a0Voluntary Artistic Collaborations in the Civic Sector in Light of the Ukrainian Refugee Crisis\u00a0 In my research project my aim is to create a small-scale and locally focused research-based collection that investigates and collects archiveable materials of socially engaged practices that have developed in Hungary regarding the&nbsp;Russian invasion [&hellip;]<\/p>\n","protected":false},"author":1,"featured_media":0,"parent":217,"menu_order":2,"comment_status":"closed","ping_status":"closed","template":"","meta":{"footnotes":""},"class_list":["post-220","page","type-page","status-publish","hentry"],"_links":{"self":[{"href":"https:\/\/www.mke.hu\/artisticresearchlab\/wp-json\/wp\/v2\/pages\/220","targetHints":{"allow":["GET"]}}],"collection":[{"href":"https:\/\/www.mke.hu\/artisticresearchlab\/wp-json\/wp\/v2\/pages"}],"about":[{"href":"https:\/\/www.mke.hu\/artisticresearchlab\/wp-json\/wp\/v2\/types\/page"}],"author":[{"embeddable":true,"href":"https:\/\/www.mke.hu\/artisticresearchlab\/wp-json\/wp\/v2\/users\/1"}],"replies":[{"embeddable":true,"href":"https:\/\/www.mke.hu\/artisticresearchlab\/wp-json\/wp\/v2\/comments?post=220"}],"version-history":[{"count":3,"href":"https:\/\/www.mke.hu\/artisticresearchlab\/wp-json\/wp\/v2\/pages\/220\/revisions"}],"predecessor-version":[{"id":246,"href":"https:\/\/www.mke.hu\/artisticresearchlab\/wp-json\/wp\/v2\/pages\/220\/revisions\/246"}],"up":[{"embeddable":true,"href":"https:\/\/www.mke.hu\/artisticresearchlab\/wp-json\/wp\/v2\/pages\/217"}],"wp:attachment":[{"href":"https:\/\/www.mke.hu\/artisticresearchlab\/wp-json\/wp\/v2\/media?parent=220"}],"curies":[{"name":"wp","href":"https:\/\/api.w.org\/{rel}","templated":true}]}}