{"id":620,"date":"2024-09-19T21:00:04","date_gmt":"2024-09-19T19:00:04","guid":{"rendered":"https:\/\/www.mke.hu\/artisticresearchlab\/?page_id=620"},"modified":"2024-09-19T21:15:14","modified_gmt":"2024-09-19T19:15:14","slug":"erasmus-bip-research-publication","status":"publish","type":"page","link":"https:\/\/www.mke.hu\/artisticresearchlab\/erasmus-bip-research-publication\/","title":{"rendered":"Erasmus BIP research publication 2024"},"content":{"rendered":"\n<p>The <strong>Doctoral School of the Hungarian University of Fine Arts<\/strong> in collaboration with the doctoral schools of <strong>HDK-Valand Academy of Art and Design, University of Gothenburg Sweden and Szko\u0142y Doktorskiej Akademia Sztuk Pi\u0119knych im. Jana Matejki w Krakowie<\/strong> is happy to announce their common publication.<\/p>\n\n\n\n<figure class=\"wp-block-image size-large\"><img loading=\"lazy\" decoding=\"async\" width=\"1024\" height=\"768\" src=\"https:\/\/www.mke.hu\/artisticresearchlab\/wp-content\/uploads\/2024\/09\/perception-and-acd-reaction-publ-1024x768.jpeg\" alt=\"\" class=\"wp-image-631\" srcset=\"https:\/\/www.mke.hu\/artisticresearchlab\/wp-content\/uploads\/2024\/09\/perception-and-acd-reaction-publ-1024x768.jpeg 1024w, https:\/\/www.mke.hu\/artisticresearchlab\/wp-content\/uploads\/2024\/09\/perception-and-acd-reaction-publ-300x225.jpeg 300w, https:\/\/www.mke.hu\/artisticresearchlab\/wp-content\/uploads\/2024\/09\/perception-and-acd-reaction-publ-768x576.jpeg 768w, https:\/\/www.mke.hu\/artisticresearchlab\/wp-content\/uploads\/2024\/09\/perception-and-acd-reaction-publ-1536x1152.jpeg 1536w, https:\/\/www.mke.hu\/artisticresearchlab\/wp-content\/uploads\/2024\/09\/perception-and-acd-reaction-publ-2048x1536.jpeg 2048w\" sizes=\"auto, (max-width: 1024px) 100vw, 1024px\" \/><\/figure>\n\n\n\n<p>The artist&#8217;s book, a special edition in both design and format (designer: <em>Zolt\u00e1n Visnyai<\/em>), is the result of a one-week intensive research and study program conducted in May 2023 in Budapest by the three institutions within the framework of an Erasmus+BIP (Blended Intensive Program).<\/p>\n\n\n\n<div class=\"wp-block-pdf-viewer-block-standard\" style=\"text-align:left\"><div class=\"uploaded-pdf\"><a href=\"https:\/\/www.mke.hu\/artisticresearchlab\/wp-content\/uploads\/2024\/09\/24-0908_bip_kiadvany_web.pdf\" data-width=\"\" data-height=\"\"><\/a><\/div><\/div>\n\n\n\n<p class=\"has-small-font-size\">Perception and (Re)Action, Hungarian University of Fine Arts,<br>Budapest, 2024, ISBN 978-615-6450-11-1<br>22,5&#215;17,5 cm, 28 pages+24 cards<\/p>\n\n\n\n<hr class=\"wp-block-separator has-alpha-channel-opacity\"\/>\n\n\n\n<p>The primary inquiries that were addressed during the study week were as follows: What are the potential methodological connections between background research in the arts and its influence on the socio-political imaginary? Additionally, how can significant contemporary issues, including the Anthropocene, ecological equilibrium, and the global rise of authoritarian political systems, be approached from the evolving positions of artistic perspectives and strategies? The publication comprises 24 card-format reproductions of the works and concepts created by the doctoral art students during the week.<\/p>\n\n\n\n<p>Perception and (Re)Action comprises card-format reproductions of the works created by the doctoral art students during the week.<\/p>\n\n\n\n<p>The accompanying booklet contains an introductory text by <em>Szabolcs KissP\u00e1l<\/em> and <em>T\u00fcnde Varga<\/em> (Perception and (Re)Action and a concise analysis of the study week, examined through the lens of art research methodology by <em>Henk Slager <\/em>(Future Methodologies) and <em>Mick Wilson<\/em> (Meeting in Real Life). Additionally, it includes a visual essay by <em>Bogdan Achimescu<\/em> (No Ideas But in Things).<\/p>\n\n\n\n<p><strong>Participants:<\/strong> Pawe\u0142 B\u0142\u0119cki (PL), Sanskriti Chattopadhyay (SE), Erekle Chinchilakashvili (HU\/GA), Jagoda Dobecka (PL), Istv\u00e1n Felsmann (HU), Katarzyna Feiglewicz-Peszat (PL), Mansour Foruzesh (HU\/IR), Karolina Halatek (PL), \u00d6zg\u00fcr Ilter (HU\/TR), Agata Jaros\u0142awiec (PL), \u00c1d\u00e1m Jeneses (HU), Carine Koleilat (SE), Olga Konik (PL), Natalia Legutko (PL), Karol Lis (PL), Antonina Lorek (PL), Nkule Mabaso (SE), Nadia Markiewicz (PL), Natalie Novik (SE), Brigitta Nordstr\u00f6m (SE), Katarzyna Siwczynska (PL), N\u00f3ra Szab\u00f3 (HU), Jakub \u015awi\u0119cicki (PL), Gustav Thane (SE)<\/p>\n\n\n\n<p class=\"has-small-font-size\"><\/p>\n\n\n\n<div class=\"wp-block-pdf-viewer-block-standard\" style=\"text-align:left\"><div class=\"uploaded-pdf\"><a href=\"https:\/\/www.mke.hu\/artisticresearchlab\/wp-content\/uploads\/2024\/09\/24-0912_bip_kartyak.pdf\" data-width=\"\" data-height=\"\"><\/a><\/div><\/div>\n","protected":false},"excerpt":{"rendered":"<p>The Doctoral School of the Hungarian University of Fine Arts in collaboration with the doctoral schools of HDK-Valand Academy of Art and Design, University of Gothenburg Sweden and Szko\u0142y Doktorskiej Akademia Sztuk Pi\u0119knych im. Jana Matejki w Krakowie is happy to announce their common publication. The artist&#8217;s book, a special edition in both design and [&hellip;]<\/p>\n","protected":false},"author":1,"featured_media":0,"parent":0,"menu_order":0,"comment_status":"closed","ping_status":"closed","template":"","meta":{"footnotes":""},"class_list":["post-620","page","type-page","status-publish","hentry"],"_links":{"self":[{"href":"https:\/\/www.mke.hu\/artisticresearchlab\/wp-json\/wp\/v2\/pages\/620","targetHints":{"allow":["GET"]}}],"collection":[{"href":"https:\/\/www.mke.hu\/artisticresearchlab\/wp-json\/wp\/v2\/pages"}],"about":[{"href":"https:\/\/www.mke.hu\/artisticresearchlab\/wp-json\/wp\/v2\/types\/page"}],"author":[{"embeddable":true,"href":"https:\/\/www.mke.hu\/artisticresearchlab\/wp-json\/wp\/v2\/users\/1"}],"replies":[{"embeddable":true,"href":"https:\/\/www.mke.hu\/artisticresearchlab\/wp-json\/wp\/v2\/comments?post=620"}],"version-history":[{"count":10,"href":"https:\/\/www.mke.hu\/artisticresearchlab\/wp-json\/wp\/v2\/pages\/620\/revisions"}],"predecessor-version":[{"id":634,"href":"https:\/\/www.mke.hu\/artisticresearchlab\/wp-json\/wp\/v2\/pages\/620\/revisions\/634"}],"wp:attachment":[{"href":"https:\/\/www.mke.hu\/artisticresearchlab\/wp-json\/wp\/v2\/media?parent=620"}],"curies":[{"name":"wp","href":"https:\/\/api.w.org\/{rel}","templated":true}]}}